{"id":83,"date":"2021-08-11T10:11:45","date_gmt":"2021-08-11T10:11:45","guid":{"rendered":"http:\/\/www.uwsefinternational.com\/UWSEF\/?page_id=83"},"modified":"2024-04-05T05:25:29","modified_gmt":"2024-04-05T05:25:29","slug":"video","status":"publish","type":"page","link":"https:\/\/www.uwsefinternational.com\/UWSEF\/?page_id=83","title":{"rendered":"VIDEO"},"content":{"rendered":"\n<figure class=\"wp-block-embed is-type-video is-provider-youtube wp-block-embed-youtube wp-embed-aspect-16-9 wp-has-aspect-ratio\"><div class=\"wp-block-embed__wrapper\">\n<iframe loading=\"lazy\" title=\"Cabales Serrada Escrima &amp; Kajukenbo Mix\" width=\"920\" height=\"518\" src=\"https:\/\/www.youtube.com\/embed\/8QMM81K0Yvw?feature=oembed\" frameborder=\"0\" allow=\"accelerometer; autoplay; clipboard-write; encrypted-media; gyroscope; picture-in-picture; web-share\" referrerpolicy=\"strict-origin-when-cross-origin\" allowfullscreen><\/iframe>\n<\/div><\/figure>\n\n\n\n<figure class=\"wp-block-embed is-type-video is-provider-youtube wp-block-embed-youtube wp-embed-aspect-16-9 wp-has-aspect-ratio\"><div class=\"wp-block-embed__wrapper\">\n<iframe loading=\"lazy\" title=\"Master&#039;s of Excellence Serrada Escrima Training Program &#039;The Key &amp; The Lock&#039;\" width=\"920\" height=\"518\" src=\"https:\/\/www.youtube.com\/embed\/4KcTISuyN0w?feature=oembed\" frameborder=\"0\" allow=\"accelerometer; autoplay; clipboard-write; encrypted-media; gyroscope; picture-in-picture; web-share\" referrerpolicy=\"strict-origin-when-cross-origin\" allowfullscreen><\/iframe>\n<\/div><\/figure>\n\n\n\n<figure class=\"wp-block-embed is-type-video is-provider-youtube wp-block-embed-youtube wp-embed-aspect-16-9 wp-has-aspect-ratio\"><div class=\"wp-block-embed__wrapper\">\n<iframe loading=\"lazy\" title=\"THE LAST &#039;MANONGS&#039; OF CABALES SERRADA ESCRIMA  Part One\" width=\"920\" height=\"518\" src=\"https:\/\/www.youtube.com\/embed\/rMTYMYm_xgM?feature=oembed\" frameborder=\"0\" allow=\"accelerometer; autoplay; clipboard-write; encrypted-media; gyroscope; picture-in-picture; web-share\" referrerpolicy=\"strict-origin-when-cross-origin\" allowfullscreen><\/iframe>\n<\/div><\/figure>\n\n\n\n<figure class=\"wp-block-embed is-type-video is-provider-youtube wp-block-embed-youtube wp-embed-aspect-16-9 wp-has-aspect-ratio\"><div class=\"wp-block-embed__wrapper\">\n<iframe loading=\"lazy\" title=\"The Legacy of Great Grandmaster Guru Angel Cabales-The Bio\" width=\"920\" height=\"518\" src=\"https:\/\/www.youtube.com\/embed\/KMk4lWK0r0I?feature=oembed\" frameborder=\"0\" allow=\"accelerometer; autoplay; clipboard-write; encrypted-media; gyroscope; picture-in-picture; web-share\" referrerpolicy=\"strict-origin-when-cross-origin\" allowfullscreen><\/iframe>\n<\/div><\/figure>\n\n\n\n<figure class=\"wp-block-embed is-type-video is-provider-youtube wp-block-embed-youtube wp-embed-aspect-16-9 wp-has-aspect-ratio\"><div class=\"wp-block-embed__wrapper\">\n<iframe loading=\"lazy\" title=\"Do&#039;s &amp; Dont&#039;s of Cabales Serrada Escrima &#039;Destroying The Fangs of The Snake&#039;\" width=\"920\" height=\"518\" src=\"https:\/\/www.youtube.com\/embed\/pv-wQQxd94k?feature=oembed\" frameborder=\"0\" allow=\"accelerometer; autoplay; clipboard-write; encrypted-media; gyroscope; picture-in-picture; web-share\" referrerpolicy=\"strict-origin-when-cross-origin\" allowfullscreen><\/iframe>\n<\/div><\/figure>\n\n\n\n<figure class=\"wp-block-embed is-type-video is-provider-youtube wp-block-embed-youtube wp-embed-aspect-16-9 wp-has-aspect-ratio\"><div class=\"wp-block-embed__wrapper\">\n<iframe loading=\"lazy\" title=\"#ESCR\u0130MA#KAL\u0130#S\u0130VR\u0130CE#SUMMER#CAMP#TURKEY\" width=\"920\" height=\"518\" src=\"https:\/\/www.youtube.com\/embed\/EPwPgMvJvSY?start=45&#038;feature=oembed\" frameborder=\"0\" allow=\"accelerometer; autoplay; clipboard-write; encrypted-media; gyroscope; picture-in-picture; web-share\" referrerpolicy=\"strict-origin-when-cross-origin\" allowfullscreen><\/iframe>\n<\/div><\/figure>\n\n\n\n<figure class=\"wp-block-embed is-type-video is-provider-youtube wp-block-embed-youtube wp-embed-aspect-16-9 wp-has-aspect-ratio\"><div class=\"wp-block-embed__wrapper\">\n<iframe loading=\"lazy\" title=\"ESCR\u0130MA KAL\u0130 KERT\u0130ZMEN \u0130LKBAHAR CAMPI-  SPRING CAMP\" width=\"920\" height=\"518\" src=\"https:\/\/www.youtube.com\/embed\/ccrXYYctV8o?start=17&#038;feature=oembed\" frameborder=\"0\" allow=\"accelerometer; autoplay; clipboard-write; encrypted-media; gyroscope; picture-in-picture; web-share\" referrerpolicy=\"strict-origin-when-cross-origin\" allowfullscreen><\/iframe>\n<\/div><\/figure>\n\n\n\n<figure class=\"wp-block-embed is-type-video is-provider-youtube wp-block-embed-youtube wp-embed-aspect-16-9 wp-has-aspect-ratio\"><div class=\"wp-block-embed__wrapper\">\n<iframe loading=\"lazy\" title=\"SERRADA ESCR\u0130MA ST\u0130CK 12 ATTACKS AND DEFENSE\" width=\"920\" height=\"518\" src=\"https:\/\/www.youtube.com\/embed\/SHYeQxeRDLE?start=842&#038;feature=oembed\" frameborder=\"0\" allow=\"accelerometer; autoplay; clipboard-write; encrypted-media; gyroscope; picture-in-picture; web-share\" referrerpolicy=\"strict-origin-when-cross-origin\" allowfullscreen><\/iframe>\n<\/div><\/figure>\n\n\n\n\n\n\n\n<p><a href=\"https:\/\/www.uwsefinternational.com\/UWSEF\/\">&#8220;United World Serrada Escrima Federation&#8221;<\/a>&nbsp;<\/p>\n\n\n","protected":false},"excerpt":{"rendered":"<p>&#8220;United World Serrada Escrima Federation&#8221;&nbsp;<\/p>\n","protected":false},"author":1,"featured_media":0,"parent":0,"menu_order":0,"comment_status":"closed","ping_status":"closed","template":"","meta":[],"_links":{"self":[{"href":"https:\/\/www.uwsefinternational.com\/UWSEF\/index.php?rest_route=\/wp\/v2\/pages\/83"}],"collection":[{"href":"https:\/\/www.uwsefinternational.com\/UWSEF\/index.php?rest_route=\/wp\/v2\/pages"}],"about":[{"href":"https:\/\/www.uwsefinternational.com\/UWSEF\/index.php?rest_route=\/wp\/v2\/types\/page"}],"author":[{"embeddable":true,"href":"https:\/\/www.uwsefinternational.com\/UWSEF\/index.php?rest_route=\/wp\/v2\/users\/1"}],"replies":[{"embeddable":true,"href":"https:\/\/www.uwsefinternational.com\/UWSEF\/index.php?rest_route=%2Fwp%2Fv2%2Fcomments&post=83"}],"version-history":[{"count":10,"href":"https:\/\/www.uwsefinternational.com\/UWSEF\/index.php?rest_route=\/wp\/v2\/pages\/83\/revisions"}],"predecessor-version":[{"id":650,"href":"https:\/\/www.uwsefinternational.com\/UWSEF\/index.php?rest_route=\/wp\/v2\/pages\/83\/revisions\/650"}],"wp:attachment":[{"href":"https:\/\/www.uwsefinternational.com\/UWSEF\/index.php?rest_route=%2Fwp%2Fv2%2Fmedia&parent=83"}],"curies":[{"name":"wp","href":"https:\/\/api.w.org\/{rel}","templated":true}]}}