{"id":657,"date":"2024-04-05T05:47:41","date_gmt":"2024-04-05T05:47:41","guid":{"rendered":"https:\/\/www.uwsefinternational.com\/UWSEF\/?page_id=657"},"modified":"2024-07-23T07:52:11","modified_gmt":"2024-07-23T07:52:11","slug":"self-defense-training","status":"publish","type":"page","link":"https:\/\/www.uwsefinternational.com\/UWSEF\/?page_id=657","title":{"rendered":"SELF DEFENSE TRAINING"},"content":{"rendered":"\n<p><strong>MEHMET ILKIM<\/strong><\/p>\n\n\n\n<p><strong>TUBA&nbsp;&nbsp; BAY<\/strong><\/p>\n\n\n\n<p><strong>SILA&nbsp; ZEYDAN<\/strong><\/p>\n\n\n\n<p><strong>REYHAN&nbsp; KARAMAN<\/strong><\/p>\n\n\n\n<p><strong>AL\u0130&nbsp; ZAFER<\/strong><\/p>\n\n\n\n<p><strong>ADEM&nbsp; ALVER<\/strong><\/p>\n\n\n\n<p><strong>YUNUS EMRE&nbsp; TAN<\/strong><\/p>\n\n\n\n<p><strong>SERKAN&nbsp; DAYAN\u011eA\u00c7<\/strong><\/p>\n\n\n\n<p><strong>EY\u00dcP&nbsp;&nbsp; KILIN\u00c7<\/strong><\/p>\n\n\n\n<p><strong>HACER&nbsp; KONAK<\/strong><\/p>\n\n\n\n<p><strong>S\u0130MGE NUR&nbsp;&nbsp;&nbsp; UZUN<\/strong><\/p>\n\n\n\n<p><strong>B\u0130RG\u00dcL&nbsp; \u00d6Z\u00c7INAR<\/strong><\/p>\n\n\n\n<p><strong>BENG\u0130SU \u015e\u0130MAL&nbsp; AVCI<\/strong><\/p>\n\n\n\n<p><strong>M. \u0130BRAH\u0130M TOPA\u00c7<\/strong><\/p>\n\n\n\n<p><strong>ZEHRA&nbsp; G\u00d6Z\u00dcB\u00dcY\u00dcK<\/strong><\/p>\n\n\n\n<p><strong>EM\u0130NE&nbsp; DURMAZ<\/strong><\/p>\n\n\n\n<p><strong>SEL\u0130M BAL<\/strong><\/p>\n\n\n\n<p><strong>Elif Ezgi G\u00dcNDO\u011eDU<\/strong><\/p>\n\n\n\n<p><strong>Melisa G\u00dcNDOGDU<\/strong><\/p>\n\n\n\n<p><strong>ADEM \u015e\u0130M\u015eEK<\/strong><\/p>\n\n\n\n<p><strong>SEDA&nbsp;&nbsp; DEM\u0130RC\u0130<\/strong><\/p>\n\n\n\n<p><strong>Y.TOPRAK&nbsp; DEM\u0130RB\u00dcKEN<\/strong><\/p>\n\n\n\n<p><strong>ZEHRA NUR BEYAZ<\/strong><\/p>\n\n\n\n<p><strong>VOLKAN ERDO\u011eAN<\/strong><\/p>\n\n\n\n<p><strong>MEL\u0130KE Y\u00dcCE&nbsp;<\/strong><\/p>\n\n\n\n<p><strong>MEL\u0130KE PORSUK<\/strong><\/p>\n\n\n\n<p><strong>DEN\u0130Z&nbsp; \u00dcNLENEN<\/strong><\/p>\n\n\n\n<p><strong>ERCAN G\u00dcNE\u015e<\/strong><\/p>\n\n\n\n<p><strong>\u0130LKNUR MERVE BAKIRCI&nbsp;&nbsp;&nbsp;&nbsp;&nbsp;&nbsp;&nbsp;<\/strong><\/p>\n\n\n\n<p><strong>EZG\u0130 NOYAN<\/strong><\/p>\n\n\n\n<p><strong>GAMZE BERK<\/strong><\/p>\n\n\n\n<p><strong>G\u00dcLHAN AKCABA<\/strong><\/p>\n\n\n\n<p><strong>FATMA \u00c7EL\u0130K<\/strong><\/p>\n\n\n\n<p><strong>EYMEN YALTOG\u0130L<\/strong><\/p>\n\n\n\n<p><strong>AYB\u00dcKE \u0130KRA \u00c7A\u011eLAR<\/strong><\/p>\n\n\n\n<p><strong>HAVVA NUR KIRA\u00c7<\/strong><\/p>\n\n\n\n<p><strong>EM\u0130NE ATALAN<\/strong><\/p>\n\n\n\n<p><strong>MEHMET CAN KELE\u015e<\/strong><\/p>\n","protected":false},"excerpt":{"rendered":"<p>MEHMET ILKIM TUBA&nbsp;&nbsp; BAY SILA&nbsp; ZEYDAN REYHAN&nbsp; KARAMAN AL\u0130&nbsp; ZAFER ADEM&nbsp; ALVER YUNUS EMRE&nbsp; TAN SERKAN&nbsp; DAYAN\u011eA\u00c7 EY\u00dcP&nbsp;&nbsp; KILIN\u00c7 HACER&nbsp;<\/p>\n<p><a href=\"https:\/\/www.uwsefinternational.com\/UWSEF\/?page_id=657\" class=\"more-link\">Continue reading<span class=\"screen-reader-text\">SELF DEFENSE TRAINING<\/span><\/a><\/p>\n","protected":false},"author":1,"featured_media":0,"parent":0,"menu_order":0,"comment_status":"closed","ping_status":"closed","template":"","meta":[],"_links":{"self":[{"href":"https:\/\/www.uwsefinternational.com\/UWSEF\/index.php?rest_route=\/wp\/v2\/pages\/657"}],"collection":[{"href":"https:\/\/www.uwsefinternational.com\/UWSEF\/index.php?rest_route=\/wp\/v2\/pages"}],"about":[{"href":"https:\/\/www.uwsefinternational.com\/UWSEF\/index.php?rest_route=\/wp\/v2\/types\/page"}],"author":[{"embeddable":true,"href":"https:\/\/www.uwsefinternational.com\/UWSEF\/index.php?rest_route=\/wp\/v2\/users\/1"}],"replies":[{"embeddable":true,"href":"https:\/\/www.uwsefinternational.com\/UWSEF\/index.php?rest_route=%2Fwp%2Fv2%2Fcomments&post=657"}],"version-history":[{"count":3,"href":"https:\/\/www.uwsefinternational.com\/UWSEF\/index.php?rest_route=\/wp\/v2\/pages\/657\/revisions"}],"predecessor-version":[{"id":666,"href":"https:\/\/www.uwsefinternational.com\/UWSEF\/index.php?rest_route=\/wp\/v2\/pages\/657\/revisions\/666"}],"wp:attachment":[{"href":"https:\/\/www.uwsefinternational.com\/UWSEF\/index.php?rest_route=%2Fwp%2Fv2%2Fmedia&parent=657"}],"curies":[{"name":"wp","href":"https:\/\/api.w.org\/{rel}","templated":true}]}}